{"id":274,"date":"2023-09-25T13:40:52","date_gmt":"2023-09-25T13:40:52","guid":{"rendered":"https:\/\/benuts.lademo.be\/homepage\/"},"modified":"2024-01-26T10:14:17","modified_gmt":"2024-01-26T10:14:17","slug":"homepage-2","status":"publish","type":"page","link":"https:\/\/benuts.lademo.be\/fr\/","title":{"rendered":"Homepage"},"content":{"rendered":"\r\n<p>Home<\/p>\r\n","protected":false},"excerpt":{"rendered":"<p>Home<\/p>\n","protected":false},"author":2,"featured_media":0,"parent":0,"menu_order":0,"comment_status":"closed","ping_status":"closed","template":"","meta":{"inline_featured_image":false,"footnotes":""},"class_list":["post-274","page","type-page","status-publish","hentry"],"acf":[],"yoast_head":"<!-- This site is optimized with the Yoast SEO plugin v20.13 - https:\/\/yoast.com\/wordpress\/plugins\/seo\/ -->\n<title>benuts<\/title>\n<meta name=\"description\" content=\"Benuts est sp\u00e9cialis\u00e9 dans la composition, le matte painting, les effets sp\u00e9ciaux, le motion design, la cr\u00e9ation de g\u00e9n\u00e9rique, la 3D photor\u00e9aliste, les FX ...\" \/>\n<meta name=\"robots\" content=\"noindex, follow, max-snippet:-1, max-image-preview:large, max-video-preview:-1\" \/>\n<meta property=\"og:locale\" content=\"fr_FR\" \/>\n<meta property=\"og:type\" content=\"article\" \/>\n<meta property=\"og:title\" content=\"benuts\" \/>\n<meta property=\"og:description\" content=\"Benuts est sp\u00e9cialis\u00e9 dans la composition, le matte painting, les effets sp\u00e9ciaux, le motion design, la cr\u00e9ation de g\u00e9n\u00e9rique, la 3D photor\u00e9aliste, les FX ...\" \/>\n<meta property=\"og:url\" content=\"https:\/\/benuts.lademo.be\/fr\/\" \/>\n<meta property=\"og:site_name\" content=\"benuts\" \/>\n<meta property=\"article:modified_time\" content=\"2024-01-26T10:14:17+00:00\" \/>\n<meta name=\"twitter:card\" content=\"summary_large_image\" \/>\n<meta name=\"twitter:label1\" content=\"Est. reading time\" \/>\n\t<meta name=\"twitter:data1\" content=\"1 minute\" \/>\n<script type=\"application\/ld+json\" class=\"yoast-schema-graph\">{\"@context\":\"https:\/\/schema.org\",\"@graph\":[{\"@type\":\"WebPage\",\"@id\":\"https:\/\/benuts.lademo.be\/fr\/\",\"url\":\"https:\/\/benuts.lademo.be\/fr\/\",\"name\":\"benuts\",\"isPartOf\":{\"@id\":\"https:\/\/benuts.lademo.be\/fr\/#website\"},\"datePublished\":\"2023-09-25T13:40:52+00:00\",\"dateModified\":\"2024-01-26T10:14:17+00:00\",\"description\":\"Benuts est sp\u00e9cialis\u00e9 dans la composition, le matte painting, les effets sp\u00e9ciaux, le motion design, la cr\u00e9ation de g\u00e9n\u00e9rique, la 3D photor\u00e9aliste, les FX ...\",\"breadcrumb\":{\"@id\":\"https:\/\/benuts.lademo.be\/fr\/#breadcrumb\"},\"inLanguage\":\"fr-FR\",\"potentialAction\":[{\"@type\":\"ReadAction\",\"target\":[\"https:\/\/benuts.lademo.be\/fr\/\"]}]},{\"@type\":\"BreadcrumbList\",\"@id\":\"https:\/\/benuts.lademo.be\/fr\/#breadcrumb\",\"itemListElement\":[{\"@type\":\"ListItem\",\"position\":1,\"name\":\"Home\",\"item\":\"https:\/\/benuts.lademo.be\/fr\/\"},{\"@type\":\"ListItem\",\"position\":2,\"name\":\"Homepage\"}]},{\"@type\":\"WebSite\",\"@id\":\"https:\/\/benuts.lademo.be\/fr\/#website\",\"url\":\"https:\/\/benuts.lademo.be\/fr\/\",\"name\":\"benuts\",\"description\":\"\",\"potentialAction\":[{\"@type\":\"SearchAction\",\"target\":{\"@type\":\"EntryPoint\",\"urlTemplate\":\"https:\/\/benuts.lademo.be\/fr\/?s={search_term_string}\"},\"query-input\":\"required name=search_term_string\"}],\"inLanguage\":\"fr-FR\"}]}<\/script>\n<!-- \/ Yoast SEO plugin. -->","yoast_head_json":{"title":"benuts","description":"Benuts est sp\u00e9cialis\u00e9 dans la composition, le matte painting, les effets sp\u00e9ciaux, le motion design, la cr\u00e9ation de g\u00e9n\u00e9rique, la 3D photor\u00e9aliste, les FX ...","robots":{"index":"noindex","follow":"follow","max-snippet":"max-snippet:-1","max-image-preview":"max-image-preview:large","max-video-preview":"max-video-preview:-1"},"og_locale":"fr_FR","og_type":"article","og_title":"benuts","og_description":"Benuts est sp\u00e9cialis\u00e9 dans la composition, le matte painting, les effets sp\u00e9ciaux, le motion design, la cr\u00e9ation de g\u00e9n\u00e9rique, la 3D photor\u00e9aliste, les FX ...","og_url":"https:\/\/benuts.lademo.be\/fr\/","og_site_name":"benuts","article_modified_time":"2024-01-26T10:14:17+00:00","twitter_card":"summary_large_image","twitter_misc":{"Est. reading time":"1 minute"},"schema":{"@context":"https:\/\/schema.org","@graph":[{"@type":"WebPage","@id":"https:\/\/benuts.lademo.be\/fr\/","url":"https:\/\/benuts.lademo.be\/fr\/","name":"benuts","isPartOf":{"@id":"https:\/\/benuts.lademo.be\/fr\/#website"},"datePublished":"2023-09-25T13:40:52+00:00","dateModified":"2024-01-26T10:14:17+00:00","description":"Benuts est sp\u00e9cialis\u00e9 dans la composition, le matte painting, les effets sp\u00e9ciaux, le motion design, la cr\u00e9ation de g\u00e9n\u00e9rique, la 3D photor\u00e9aliste, les FX ...","breadcrumb":{"@id":"https:\/\/benuts.lademo.be\/fr\/#breadcrumb"},"inLanguage":"fr-FR","potentialAction":[{"@type":"ReadAction","target":["https:\/\/benuts.lademo.be\/fr\/"]}]},{"@type":"BreadcrumbList","@id":"https:\/\/benuts.lademo.be\/fr\/#breadcrumb","itemListElement":[{"@type":"ListItem","position":1,"name":"Home","item":"https:\/\/benuts.lademo.be\/fr\/"},{"@type":"ListItem","position":2,"name":"Homepage"}]},{"@type":"WebSite","@id":"https:\/\/benuts.lademo.be\/fr\/#website","url":"https:\/\/benuts.lademo.be\/fr\/","name":"benuts","description":"","potentialAction":[{"@type":"SearchAction","target":{"@type":"EntryPoint","urlTemplate":"https:\/\/benuts.lademo.be\/fr\/?s={search_term_string}"},"query-input":"required name=search_term_string"}],"inLanguage":"fr-FR"}]}},"_links":{"self":[{"href":"https:\/\/benuts.lademo.be\/fr\/wp-json\/wp\/v2\/pages\/274","targetHints":{"allow":["GET"]}}],"collection":[{"href":"https:\/\/benuts.lademo.be\/fr\/wp-json\/wp\/v2\/pages"}],"about":[{"href":"https:\/\/benuts.lademo.be\/fr\/wp-json\/wp\/v2\/types\/page"}],"author":[{"embeddable":true,"href":"https:\/\/benuts.lademo.be\/fr\/wp-json\/wp\/v2\/users\/2"}],"replies":[{"embeddable":true,"href":"https:\/\/benuts.lademo.be\/fr\/wp-json\/wp\/v2\/comments?post=274"}],"version-history":[{"count":71,"href":"https:\/\/benuts.lademo.be\/fr\/wp-json\/wp\/v2\/pages\/274\/revisions"}],"predecessor-version":[{"id":3305,"href":"https:\/\/benuts.lademo.be\/fr\/wp-json\/wp\/v2\/pages\/274\/revisions\/3305"}],"wp:attachment":[{"href":"https:\/\/benuts.lademo.be\/fr\/wp-json\/wp\/v2\/media?parent=274"}],"curies":[{"name":"wp","href":"https:\/\/api.w.org\/{rel}","templated":true}]}}